{"id":572,"date":"2018-10-21T14:54:52","date_gmt":"2018-10-21T12:54:52","guid":{"rendered":"https:\/\/ceccararad.ro\/ro\/?page_id=572"},"modified":"2025-07-30T13:51:03","modified_gmt":"2025-07-30T11:51:03","slug":"ex-de-acces-la-stagiu","status":"publish","type":"page","link":"https:\/\/ceccarcluj.ro\/ro\/membri\/cum-devin-membru-ceccar\/ex-de-acces-la-stagiu\/","title":{"rendered":"Examenul de acces la stagiu"},"content":{"rendered":"<section   class=\"fw-main-row  auto  fw-section-position-back\"    >\n\t\t\t<div class=\"fw-container\" >\n\t\t<div class=\"fw-row\">\n\t<div id=\"column-69e2051f80a49\" class=\"fw-col-sm-12 tf-sh-4bf7de7076824fb4c351a6d1039d0743\" >\n\t<div class=\"fw-wrap-col-inner clearfix  \"   >\n\t\t\t\t<div class=\"fw-col-inner\">\n\t\t\t<div class=\"fw-text-box tf-sh-b4a496c23a94b122350f1c9e2210e50c \" >\n\t<div class=\"fw-text-inner\">\n\t\t<p><strong><span style=\"font-size: 12pt;\">Examenul de acces la stagiu<\/span><\/strong><\/p>\n\t<\/div>\n<\/div><div class=\"fw-divider-space space-sm  clearfix\"  ><\/div><div class=\"tf-sh-435841a89aa1e8b5e1a52a967d0eb145 fw-tabs fw-tabs-minimal fw-tabs-top \" >\n\t<ul class=\"nav nav-tabs nav-justified\">\n\t\t\t\t\t<li class=\"active\">\n\t\t\t\t<a href=\"#tab-cont-435841a89aa1e8b5e1a52a967d0eb145-1\" data-toggle=\"tab\">\n\t\t\t\t\t\n\t\t\t\t\t\t\t\t\t\t<span>Anun\u0163uri \u015fi nout\u0103\u0163i<\/span>\n\t\t\t\t<\/a>\n\t\t\t<\/li>\n\t\t\t\t\t\t\t\t<li >\n\t\t\t\t<a href=\"#tab-cont-435841a89aa1e8b5e1a52a967d0eb145-2\" data-toggle=\"tab\">\n\t\t\t\t\t\n\t\t\t\t\t\t\t\t\t\t<span>Regulament privind accesul la profesia de expert contabil \u015fi de contabil autorizat<\/span>\n\t\t\t\t<\/a>\n\t\t\t<\/li>\n\t\t\t\t\t\t\t\t<li >\n\t\t\t\t<a href=\"#tab-cont-435841a89aa1e8b5e1a52a967d0eb145-3\" data-toggle=\"tab\">\n\t\t\t\t\t\n\t\t\t\t\t\t\t\t\t\t<span>Programa aferent\u0103 examenului de acces la stagiu<\/span>\n\t\t\t\t<\/a>\n\t\t\t<\/li>\n\t\t\t\t\t\t\t\t<li >\n\t\t\t\t<a href=\"#tab-cont-435841a89aa1e8b5e1a52a967d0eb145-4\" data-toggle=\"tab\">\n\t\t\t\t\t\n\t\t\t\t\t\t\t\t\t\t<span>Dosarul de \u00eenscriere la examenul de acces la stagiu<\/span>\n\t\t\t\t<\/a>\n\t\t\t<\/li>\n\t\t\t\t\t\t\t\t<li >\n\t\t\t\t<a href=\"#tab-cont-435841a89aa1e8b5e1a52a967d0eb145-5\" data-toggle=\"tab\">\n\t\t\t\t\t\n\t\t\t\t\t\t\t\t\t\t<span>Sesiuni de examen de acces la stagiu<\/span>\n\t\t\t\t<\/a>\n\t\t\t<\/li>\n\t\t\t\t\t\t\t\t<li >\n\t\t\t\t<a href=\"#tab-cont-435841a89aa1e8b5e1a52a967d0eb145-6\" data-toggle=\"tab\">\n\t\t\t\t\t\n\t\t\t\t\t\t\t\t\t\t<span>Calendar cursuri<\/span>\n\t\t\t\t<\/a>\n\t\t\t<\/li>\n\t\t\t\t\t\t<\/ul>\n\n\t<div class=\"tab-content clearfix\">\n\t\t\t\t\t<div id=\"tab-cont-435841a89aa1e8b5e1a52a967d0eb145-1\"\n\t\t\t     class=\"tab-pane fade in active\">\n\t\t\t\t\n\t\t\t\t\t\t\t\t\t<div class=\"wrapper\"><div id=\"content1\" class=\"grid_24\"><figure class=\"wp-block-gallery has-nested-images columns-default is-cropped wp-block-gallery-1 is-layout-flex\"><a href=\"https:\/\/ceccarcluj.ro\/ro\/wp-content\/uploads\/2025\/07\/Calendar-pregatire-stagiu-examene-2025_actualizat.pdf\" target=\"_blank\" rel=\"noopener\"><strong>Calendarul actualizat privind preg\u0103tirea pentru stagiu \u0219i sus\u021binerea examenelor<\/strong><\/a><\/p><figure class=\"wp-block-image size-large\"><img loading=\"lazy\" decoding=\"async\" class=\"wp-image-30605\" src=\"https:\/\/ceccar.ro\/ro\/wp-content\/uploads\/2023\/11\/Acces-la-profesie-1024x722.png\" sizes=\"auto, (max-width: 1024px) 100vw, 1024px\" srcset=\"https:\/\/ceccar.ro\/ro\/wp-content\/uploads\/2023\/11\/Acces-la-profesie-1024x722.png 1024w, https:\/\/ceccar.ro\/ro\/wp-content\/uploads\/2023\/11\/Acces-la-profesie-300x211.png 300w, https:\/\/ceccar.ro\/ro\/wp-content\/uploads\/2023\/11\/Acces-la-profesie-150x106.png 150w, https:\/\/ceccar.ro\/ro\/wp-content\/uploads\/2023\/11\/Acces-la-profesie-768x541.png 768w, https:\/\/ceccar.ro\/ro\/wp-content\/uploads\/2023\/11\/Acces-la-profesie-1536x1083.png 1536w, https:\/\/ceccar.ro\/ro\/wp-content\/uploads\/2023\/11\/Acces-la-profesie-2048x1444.png 2048w\" alt=\"\" width=\"1024\" height=\"722\" data-id=\"30605\" \/><\/figure><\/figure><p>&nbsp;<\/p><ul><li><ul><li><a href=\"https:\/\/ceccar.ro\/ro\/wp-content\/uploads\/2011\/09\/regulament-acces.pdf\" target=\"_blank\" rel=\"noopener noreferrer\">Regulament privind accesul la profesia de expert contabil \u015fi de contabil autorizat<\/a><\/li><li><a href=\"https:\/\/ceccar.ro\/ro\/?page_id=32407\" target=\"_blank\" rel=\"noopener\">Examenul de admitere la stagiu \u2013 sesiunea 2-3 octombrie 2025<\/a><a href=\"https:\/\/ceccar.ro\/ro\/?page_id=32407\"><br \/><\/a><\/li><\/ul><\/li><\/ul><ul><li><strong>Programa<\/strong><ul><li><a title=\"\" href=\"https:\/\/ceccar.ro\/ro\/wp-content\/uploads\/2025\/03\/Programa-EC-examen-acces-2025.pdf\" target=\"_blank\" rel=\"noopener\">Programa aferent\u0103 examenului de admitere la stagiu \u00een vederea ob\u0163inerii calit\u0103\u0163ii de expert contabil (sesiunea <\/a><a title=\"\" href=\"https:\/\/ceccar.ro\/ro\/wp-content\/uploads\/2024\/02\/Programa-EC-examen-acces-septembrie-2024_cu-modificari-MF.pdf\" target=\"_blank\" rel=\"noopener\">octombrie 2025<\/a><a title=\"\" href=\"https:\/\/ceccar.ro\/ro\/wp-content\/uploads\/2024\/02\/Programa-EC-examen-acces-septembrie-2024_cu-modificari-MF.pdf\" target=\"_blank\" rel=\"noopener\">)<\/a><\/li><li><a title=\"\" href=\"https:\/\/ceccar.ro\/ro\/wp-content\/uploads\/2025\/03\/Programa-CA-examen-acces-2025.pdf\" target=\"_blank\" rel=\"noopener\">Programa aferent\u0103 examenului de admitere la stagiu \u00een vederea ob\u0163inerii calit\u0103\u0163ii de contabil autorizat (sesiunea <\/a><a title=\"\" href=\"https:\/\/ceccar.ro\/ro\/wp-content\/uploads\/2024\/02\/Programa-EC-examen-acces-septembrie-2024_cu-modificari-MF.pdf\" target=\"_blank\" rel=\"noopener\">octombrie 2025<\/a><a title=\"\" href=\"https:\/\/ceccar.ro\/ro\/wp-content\/uploads\/2024\/02\/Programa-CA-examen-acces-septembrie-2024_cu-recomandari-MF.pdf\" target=\"_blank\" rel=\"noopener\">)<\/a><\/li><\/ul><\/li><\/ul><ul><li><strong>Efectuarea stagiului<\/strong><ul><li><a title=\"\" href=\"https:\/\/ceccarmures.ro\/ro\/wp-content\/uploads\/2025\/01\/Procedura-privind-sustinerea-evaluarilor-si-reevaluarilor-din-timpul-stagiului.pdf\" target=\"_blank\" rel=\"noopener\">Procedur\u0103 privind sus\u021binerea evalu\u0103rilor \u0219i reevalu\u0103rilor din timpul stagiului<\/a><\/li><\/ul><\/li><\/ul><ul><li><strong>Echivalarea disciplinelor din cadrul examenelor de master cu cele de la examenul de admitere \u00een profesie<\/strong><ul><li><a href=\"https:\/\/ceccar.ro\/ro\/?page_id=991\">Con\u021binutul dosarului depus de facult\u0103\u021bile de profil<\/a><\/li><li><a href=\"https:\/\/ceccar.ro\/ro\/wp-content\/uploads\/2022\/09\/Evidenta-protocoale-master-actualizat-2022.pdf\" target=\"_blank\" rel=\"noreferrer noopener\">Institu\u021biile de \u00eenv\u0103\u021b\u0103m\u00e2nt superior care au \u00eencheiat cu CECCAR protocoale de colaborare<\/a><\/li><li><a href=\"https:\/\/ceccar.ro\/ro\/?page_id=996\">Echivalarea disciplinelor programelor de masterat cu disciplinele examenului de admitere, categoria expert contabil \u2013 Termen de depunere \u0219i con\u021binutul dosarului<\/a><\/li><\/ul><\/li><\/ul><p class=\"has-text-align-left\"><span class=\"stk-highlight\"><strong>Arii de competen\u021b\u0103<\/strong> \u2013 <strong>Categoria expert contabil<\/strong><\/span><\/p><div class=\"wp-block-stackable-columns stk-block-columns stk-block stk-e9486f1\" data-block-id=\"e9486f1\"><div class=\"stk-row stk-inner-blocks stk-block-content stk-content-align stk-e9486f1-column\"><div class=\"wp-block-stackable-column stk-block-column stk-column stk-block stk-d17e80b\" data-v=\"4\" data-block-id=\"d17e80b\"><div class=\"stk-column-wrapper stk-block-column__content stk-container stk-d17e80b-container stk--no-background stk--no-padding\"><div class=\"stk-block-content stk-inner-blocks stk-d17e80b-inner-blocks\"><figure class=\"aligncenter size-large\"><img loading=\"lazy\" decoding=\"async\" class=\"wp-image-28719\" src=\"https:\/\/ceccar.ro\/ro\/wp-content\/uploads\/2024\/09\/Discipline-expert-contabil-2024-768x1280.png\" sizes=\"auto, (max-width: 614px) 100vw, 614px\" srcset=\"https:\/\/ceccar.ro\/ro\/wp-content\/uploads\/2023\/02\/Discipline-expert-contabil-2023-614x1024.png 614w, https:\/\/ceccar.ro\/ro\/wp-content\/uploads\/2023\/02\/Discipline-expert-contabil-2023-180x300.png 180w, https:\/\/ceccar.ro\/ro\/wp-content\/uploads\/2023\/02\/Discipline-expert-contabil-2023-90x150.png 90w, https:\/\/ceccar.ro\/ro\/wp-content\/uploads\/2023\/02\/Discipline-expert-contabil-2023-768x1280.png 768w, https:\/\/ceccar.ro\/ro\/wp-content\/uploads\/2023\/02\/Discipline-expert-contabil-2023-922x1536.png 922w, https:\/\/ceccar.ro\/ro\/wp-content\/uploads\/2023\/02\/Discipline-expert-contabil-2023.png 1200w\" alt=\"\" width=\"614\" height=\"1024\" \/><\/figure><\/div><\/div><\/div><\/div><\/div><p class=\"has-text-align-left\"><span class=\"stk-highlight\"><strong>Arii de competen\u021b\u0103 \u2013 Categoria contabil autorizat<\/strong><\/span><\/p><figure class=\"aligncenter size-large\"><img loading=\"lazy\" decoding=\"async\" class=\"wp-image-28718\" src=\"https:\/\/ceccar.ro\/ro\/wp-content\/uploads\/2024\/09\/Discipline-contabil-autorizat-2024-768x1280.png\" sizes=\"auto, (max-width: 614px) 100vw, 614px\" srcset=\"https:\/\/ceccar.ro\/ro\/wp-content\/uploads\/2023\/02\/Discipline-contabil-autorizat-2023-614x1024.png 614w, https:\/\/ceccar.ro\/ro\/wp-content\/uploads\/2023\/02\/Discipline-contabil-autorizat-2023-180x300.png 180w, https:\/\/ceccar.ro\/ro\/wp-content\/uploads\/2023\/02\/Discipline-contabil-autorizat-2023-90x150.png 90w, https:\/\/ceccar.ro\/ro\/wp-content\/uploads\/2023\/02\/Discipline-contabil-autorizat-2023-768x1280.png 768w, https:\/\/ceccar.ro\/ro\/wp-content\/uploads\/2023\/02\/Discipline-contabil-autorizat-2023-922x1536.png 922w, https:\/\/ceccar.ro\/ro\/wp-content\/uploads\/2023\/02\/Discipline-contabil-autorizat-2023.png 1200w\" alt=\"\" width=\"614\" height=\"1024\" \/><\/figure><\/div><\/div><div class=\"clear\"><\/div>\t\t\t\t\t\t\t<\/div>\n\t\t\t\t\t\t<div id=\"tab-cont-435841a89aa1e8b5e1a52a967d0eb145-2\"\n\t\t\t     class=\"tab-pane fade \">\n\t\t\t\t\n\t\t\t\t\t\t\t\t\t<header><a href=\"http:\/\/ceccarcluj.ro\/ro\/wp-content\/uploads\/2018\/10\/regulament-acces.pdf\" target=\"_blank\" rel=\"noopener\">Regulament privind accesul la profesia de expert contabil \u015fi de contabil autorizat<\/a><\/header>\t\t\t\t\t\t\t<\/div>\n\t\t\t\t\t\t<div id=\"tab-cont-435841a89aa1e8b5e1a52a967d0eb145-3\"\n\t\t\t     class=\"tab-pane fade \">\n\t\t\t\t\n\t\t\t\t\t\t\t\t\t<ul><li><a title=\"\" href=\"https:\/\/ceccar.ro\/ro\/wp-content\/uploads\/2025\/03\/Programa-EC-examen-acces-2025.pdf\" target=\"_blank\" rel=\"noopener\">Programa aferent\u0103 examenului de admitere la stagiu \u00een vederea ob\u0163inerii calit\u0103\u0163ii de expert contabil (sesiunea <\/a><a title=\"\" href=\"https:\/\/ceccar.ro\/ro\/wp-content\/uploads\/2024\/02\/Programa-EC-examen-acces-septembrie-2024_cu-modificari-MF.pdf\" target=\"_blank\" rel=\"noopener\">octombrie 2025<\/a><a title=\"\" href=\"https:\/\/ceccar.ro\/ro\/wp-content\/uploads\/2024\/02\/Programa-EC-examen-acces-septembrie-2024_cu-modificari-MF.pdf\" target=\"_blank\" rel=\"noopener\">)<\/a><\/li><li><a title=\"\" href=\"https:\/\/ceccar.ro\/ro\/wp-content\/uploads\/2025\/03\/Programa-CA-examen-acces-2025.pdf\" target=\"_blank\" rel=\"noopener\">Programa aferent\u0103 examenului de admitere la stagiu \u00een vederea ob\u0163inerii calit\u0103\u0163ii de contabil autorizat (sesiunea <\/a><a title=\"\" href=\"https:\/\/ceccar.ro\/ro\/wp-content\/uploads\/2024\/02\/Programa-EC-examen-acces-septembrie-2024_cu-modificari-MF.pdf\" target=\"_blank\" rel=\"noopener\">octombrie 2025<\/a><a title=\"\" href=\"https:\/\/ceccar.ro\/ro\/wp-content\/uploads\/2024\/02\/Programa-CA-examen-acces-septembrie-2024_cu-recomandari-MF.pdf\" target=\"_blank\" rel=\"noopener\">)<\/a><\/li><\/ul>\t\t\t\t\t\t\t<\/div>\n\t\t\t\t\t\t<div id=\"tab-cont-435841a89aa1e8b5e1a52a967d0eb145-4\"\n\t\t\t     class=\"tab-pane fade \">\n\t\t\t\t\n\t\t\t\t\t\t\t\t\t<header>Dosarele de \u00eenscriere la examenul de admitere la stagiu pot fi depuse online p\u00e2n\u0103 la <strong>1 septembrie 2025<\/strong>.<\/p><p>Dosarul de \u00eenscriere se poate depune:<\/p><p>A. ONLINE<\/p><p>B. La sediul oric\u0103rei <a title=\"\" href=\"https:\/\/ceccar.ro\/ro\/?page_id=455\" target=\"_blank\" rel=\"noopener\">filiale CECCAR<\/a><\/p><div class=\"wp-block-stackable-button-group stk-block-button-group stk-block stk-480cdad\" data-block-id=\"480cdad\"><div class=\"stk-row stk-inner-blocks has-text-align-center stk-block-content stk-button-group\"><div class=\"wp-block-stackable-button stk-block-button has-text-align-center stk-block stk-f6466ff\" data-block-id=\"f6466ff\"><\/div><\/div><\/div><p class=\"has-text-align-left\"><strong>A.<\/strong> <strong>Instruc\u021biuni privind completarea formularului online de \u00eenscriere:<\/strong><\/p><ul class=\"wp-block-list\"><li>Candidatul se va \u00eenscrie cu numele complet (cu majuscule), conform actului de identitate, prin completarea adresei de e-mail corect\u0103 \u0219i a num\u0103rului de telefon.<\/li><\/ul><ul class=\"wp-block-list\"><li>Dup\u0103 completarea tuturor c\u00e2mpurilor din platforma CECCAR, candidatul va primi un e-mail de confirmare privind activarea contului \u00een cadrul platformei.<\/li><\/ul><ul class=\"wp-block-list\"><li>De asemenea, dup\u0103 verificarea documentelor \u00eenc\u0103rcate, candidatul va primi un mesaj privind validarea dosarului \u0219i dreptul de participare la examenul de admitere la stagiu.<\/li><\/ul><ul class=\"wp-block-list\"><li>Pentru documentele de \u00eenscriere pentru care exist\u0103 formulare tipizate CECCAR se vor respecta modelele \u00eenc\u0103rcate \u00een platform\u0103.<\/li><\/ul><ul class=\"wp-block-list\"><li>Centrele de examen sunt stabilite, dup\u0103 finalizarea \u00eenscrierilor, \u00een func\u021bie de num\u0103rul candida\u021bilor \u00eenscri\u0219i prin arondarea filialelor la centrele de examen.<em>Av\u00e2nd \u00een vedere faptul c\u0103 la momentul \u00eenscrierii nu avem stabilite centrele de examen, \u00een momentul complet\u0103rii formularului de \u00eenscriere prin platforma CECCAR avem rug\u0103mintea s\u0103 selecta\u021bi tot filiala de domiciliu, urm\u00e2nd ca aceast\u0103 s\u0103 fie repartizat\u0103 unui centru de examen, dup\u0103 ce sunt stabilite. \u00cen situa\u021bia \u00een care opta\u021bi pentru un anumit centru de examen v\u0103 rug\u0103m s\u0103 selecta\u021bi filiala corespunz\u0103toare.<\/em><\/li><\/ul><ul class=\"wp-block-list\"><li>Pentru confirmarea \u00eenscrierii \u00een stagiu, candida\u021bii care depun dosarul de \u00eenscriere online, prin platforma CECCAR, au obliga\u021bia depunerii documentelor \u00een original, dup\u0103 sus\u021binerea \u0219i promovarea examenului de admitere la stagiu, odat\u0103 cu \u00eenscrierea \u00een stagiu \u00een cadrul filialei CECCAR.<\/li><\/ul><ul class=\"wp-block-list\"><li>Persoanele care au beneficiat de vouchere care susbstituie taxa de \u00eenscriere la examenul de admitere la stagiu vor anexa\/\u00eenc\u0103rca la dosarul de \u00eenscriere voucherul.<\/li><\/ul><p>&nbsp;<\/p><p><strong>B. Instruc\u021biuni pentru depunerea dosarului la sediul filialelor CECCAR<\/strong><\/p><p>Con\u021binutul dosarului de \u00eenscriere pentru sus\u021binerea examenului de admitere la stagiu \u00een vederea ob\u0163inerii\u00a0<strong>calit\u0103\u0163ii de expert contabil<\/strong>:<\/p><ul class=\"wp-block-list\"><li>cererea de \u00eenscriere (<a title=\"\" href=\"https:\/\/ceccar.ro\/ro\/wp-content\/uploads\/2025\/03\/Cerere-inscriere-examen-admitere.pdf\" target=\"_blank\" rel=\"noopener\">model Anex\u0103<\/a>);<\/li><li>copie CI;<\/li><li>documentul medical din care s\u0103 rezulte c\u0103 solicitantul are capacitate de exerci\u021biu deplin\u0103;<\/li><li>curriculum vitae (<a title=\"\" href=\"https:\/\/ceccar.ro\/ro\/wp-content\/uploads\/2025\/03\/CV.pdf\" target=\"_blank\" rel=\"noopener\">model Anex\u0103<\/a>);<\/li><li>copia diplomei care atest\u0103 finalizarea studiilor superioare economice cu diplom\u0103 recunoscut\u0103 de Ministerul Educa\u021biei, cu precizarea c\u0103 certificarea copiei pentru conformitate cu originalul se realizeaz\u0103 de c\u0103tre personalul CECCAR;<\/li><li>certificat de cazier judiciar cu termen de valabilitate neexpirat;<\/li><li>dovada achit\u0103rii taxei de \u00eenscriere la examen \u00een cuantum de 175 Euro (c\/v \u00een lei la cursul BNR din ziua pl\u0103\u0163ii);<\/li><li>acordul GDPR (<a title=\"\" href=\"https:\/\/ceccar.ro\/ro\/wp-content\/uploads\/2025\/03\/Acord-GDPR.pdf\" target=\"_blank\" rel=\"noopener\">model Anex\u0103<\/a>)<\/li><\/ul><p>Con\u021binutul dosarului de \u00eenscriere pentru sus\u021binerea examenului de admitere la stagiu \u00een vederea ob\u0163inerii\u00a0<strong>calit\u0103\u0163ii de contabil autorizat<\/strong>:<\/p><ul class=\"wp-block-list\"><li>cererea de \u00eenscriere (<a title=\"\" href=\"https:\/\/ceccar.ro\/ro\/wp-content\/uploads\/2025\/03\/Cerere-inscriere-examen-admitere.pdf\" target=\"_blank\" rel=\"noopener\">model Anex\u0103<\/a>);<\/li><li>copie CI;<\/li><li>documentul medical din care s\u0103 rezulte c\u0103 solicitantul are capacitate de exerci\u021biu deplin\u0103;<\/li><li>curriculum vitae (<a title=\"\" href=\"https:\/\/ceccar.ro\/ro\/wp-content\/uploads\/2025\/03\/CV.pdf\" target=\"_blank\" rel=\"noopener\">model Anex\u0103<\/a>);<\/li><li>copia diplomei care atest\u0103 finalizarea studiilor medii cu diplom\u0103 recunoscut\u0103 de Ministerul Educa\u021biei, cu precizarea c\u0103 certificarea copiei pentru conformitate cu originalul se realizeaz\u0103 de c\u0103tre personalul CECCAR;<\/li><li>certificat de cazier judiciar cu termen de valabilitate neexpirat;<\/li><li>dovada achit\u0103rii taxei de \u00eenscriere la examen \u00een cuantum de 125 Euro (c\/v \u00een lei la cursul BNR din ziua pl\u0103\u0163ii);<\/li><li>acordul GDPR \u00a0(<a title=\"\" href=\"https:\/\/ceccar.ro\/ro\/wp-content\/uploads\/2025\/03\/Acord-GDPR.pdf\" target=\"_blank\" rel=\"noopener\">model Anex\u0103<\/a>);<\/li><\/ul><\/header>\t\t\t\t\t\t\t<\/div>\n\t\t\t\t\t\t<div id=\"tab-cont-435841a89aa1e8b5e1a52a967d0eb145-5\"\n\t\t\t     class=\"tab-pane fade \">\n\t\t\t\t\n\t\t\t\t\t\t\t\t\t<p><a href=\"https:\/\/ceccar.ro\/ro\/?page_id=32407\" target=\"_blank\" rel=\"noopener\">Examenul de admitere la stagiu \u2013 sesiunea 2-3 octombrie 2025<\/a><\/p>\t\t\t\t\t\t\t<\/div>\n\t\t\t\t\t\t<div id=\"tab-cont-435841a89aa1e8b5e1a52a967d0eb145-6\"\n\t\t\t     class=\"tab-pane fade \">\n\t\t\t\t\n\t\t\t\t\t\t\t\t\t<p><img loading=\"lazy\" decoding=\"async\" class=\"aligncenter wp-image-6754 size-full\" src=\"https:\/\/ceccarcluj.ro\/ro\/wp-content\/uploads\/2025\/07\/Calendar-pregatire-stagiu-examene-2025.jpg\" alt=\"\" width=\"1405\" height=\"954\" srcset=\"https:\/\/ceccarcluj.ro\/ro\/wp-content\/uploads\/2025\/07\/Calendar-pregatire-stagiu-examene-2025.jpg 1405w, https:\/\/ceccarcluj.ro\/ro\/wp-content\/uploads\/2025\/07\/Calendar-pregatire-stagiu-examene-2025-300x204.jpg 300w, https:\/\/ceccarcluj.ro\/ro\/wp-content\/uploads\/2025\/07\/Calendar-pregatire-stagiu-examene-2025-1024x695.jpg 1024w, https:\/\/ceccarcluj.ro\/ro\/wp-content\/uploads\/2025\/07\/Calendar-pregatire-stagiu-examene-2025-768x521.jpg 768w\" sizes=\"auto, (max-width: 1405px) 100vw, 1405px\" \/><\/p>\t\t\t\t\t\t\t<\/div>\n\t\t\t\t<\/div>\n<\/div><div class=\"fw-divider-space space-sm  clearfix\"  ><\/div>\t\t<\/div>\n\t<\/div>\n<\/div><\/div>\n\n\t<\/div>\n\t<\/section>\n","protected":false},"excerpt":{"rendered":"<p>Examenul de acces la stagiu Anun\u0163uri \u015fi nout\u0103\u0163i Regulament privind accesul la profesia de expert contabil \u015fi de contabil autorizat Programa aferent\u0103 examenului de acces la stagiu Dosarul de \u00eenscriere la examenul de acces la [&hellip;]<\/p>\n","protected":false},"author":1,"featured_media":0,"parent":288,"menu_order":0,"comment_status":"closed","ping_status":"closed","template":"visual-builder-template.php","meta":{"footnotes":""},"class_list":["post-572","page","type-page","status-publish","hentry"],"brizy_media":[],"_links":{"self":[{"href":"https:\/\/ceccarcluj.ro\/ro\/wp-json\/wp\/v2\/pages\/572","targetHints":{"allow":["GET"]}}],"collection":[{"href":"https:\/\/ceccarcluj.ro\/ro\/wp-json\/wp\/v2\/pages"}],"about":[{"href":"https:\/\/ceccarcluj.ro\/ro\/wp-json\/wp\/v2\/types\/page"}],"author":[{"embeddable":true,"href":"https:\/\/ceccarcluj.ro\/ro\/wp-json\/wp\/v2\/users\/1"}],"replies":[{"embeddable":true,"href":"https:\/\/ceccarcluj.ro\/ro\/wp-json\/wp\/v2\/comments?post=572"}],"version-history":[{"count":66,"href":"https:\/\/ceccarcluj.ro\/ro\/wp-json\/wp\/v2\/pages\/572\/revisions"}],"predecessor-version":[{"id":6760,"href":"https:\/\/ceccarcluj.ro\/ro\/wp-json\/wp\/v2\/pages\/572\/revisions\/6760"}],"up":[{"embeddable":true,"href":"https:\/\/ceccarcluj.ro\/ro\/wp-json\/wp\/v2\/pages\/288"}],"wp:attachment":[{"href":"https:\/\/ceccarcluj.ro\/ro\/wp-json\/wp\/v2\/media?parent=572"}],"curies":[{"name":"wp","href":"https:\/\/api.w.org\/{rel}","templated":true}]}}